{"id":4481,"date":"2025-03-04T21:06:31","date_gmt":"2025-03-05T00:06:31","guid":{"rendered":"https:\/\/prensahoy.com\/?page_id=4481"},"modified":"2025-03-04T21:06:34","modified_gmt":"2025-03-05T00:06:34","slug":"terminos-y-condiciones","status":"publish","type":"page","link":"https:\/\/prensahoy.com\/index.php\/terminos-y-condiciones\/","title":{"rendered":"T\u00e9rminos y Condiciones"},"content":{"rendered":"\n<p>Bienvenido a <strong>PrensaHoy.com<\/strong>. Al acceder y utilizar este sitio web, aceptas los siguientes t\u00e9rminos y condiciones. Si no est\u00e1s de acuerdo con estos t\u00e9rminos, te recomendamos no usar este sitio.<\/p>\n\n\n\n<h4 class=\"wp-block-heading\"><strong>1. Uso del Sitio Web<\/strong><\/h4>\n\n\n\n<p>El contenido de <strong>PrensaHoy.com<\/strong> est\u00e1 destinado \u00fanicamente para fines informativos. Te permitimos acceder, visualizar y utilizar el contenido de este sitio para tu uso personal y no comercial. Cualquier uso no autorizado del contenido est\u00e1 prohibido.<\/p>\n\n\n\n<h4 class=\"wp-block-heading\"><strong>2. Propiedad Intelectual<\/strong><\/h4>\n\n\n\n<p>Todo el contenido de este sitio web, incluyendo textos, im\u00e1genes, gr\u00e1ficos, logotipos, videos y otros materiales, es propiedad de <strong>PrensaHoy.com<\/strong> o de sus respectivos propietarios y est\u00e1 protegido por derechos de autor y otras leyes de propiedad intelectual.<\/p>\n\n\n\n<h4 class=\"wp-block-heading\"><strong>3. Enlaces a Sitios Externos<\/strong><\/h4>\n\n\n\n<p>Nuestro sitio puede contener enlaces a sitios web de terceros. Estos enlaces son proporcionados para tu conveniencia. <strong>PrensaHoy.com<\/strong> no tiene control sobre el contenido de los sitios web de terceros y no se hace responsable de la informaci\u00f3n que puedan contener.<\/p>\n\n\n\n<h4 class=\"wp-block-heading\"><strong>4. Responsabilidad del Contenido<\/strong><\/h4>\n\n\n\n<p>Nos esforzamos por ofrecer informaci\u00f3n precisa y actualizada, pero no garantizamos la exactitud o integridad de los contenidos. <strong>PrensaHoy.com<\/strong> no se hace responsable por da\u00f1os, p\u00e9rdidas o consecuencias que resulten del uso o confianza en la informaci\u00f3n disponible en este sitio.<\/p>\n\n\n\n<h4 class=\"wp-block-heading\"><strong>5. Privacidad y Protecci\u00f3n de Datos<\/strong><\/h4>\n\n\n\n<p>Tu privacidad es importante para nosotros. Al usar nuestro sitio, aceptas nuestra <strong>Pol\u00edtica de Privacidad<\/strong>, que describe c\u00f3mo recolectamos, usamos y protegemos tu informaci\u00f3n personal.<\/p>\n\n\n\n<h4 class=\"wp-block-heading\"><strong>6. Modificaciones del Sitio y de los T\u00e9rminos<\/strong><\/h4>\n\n\n\n<p>Nos reservamos el derecho de modificar o actualizar los t\u00e9rminos y condiciones en cualquier momento. Las modificaciones ser\u00e1n publicadas en esta p\u00e1gina y se considerar\u00e1n efectivas al momento de su publicaci\u00f3n. Te recomendamos revisar regularmente esta secci\u00f3n para estar informado sobre cualquier cambio.<\/p>\n\n\n\n<h4 class=\"wp-block-heading\"><strong>7. Ley Aplicable<\/strong><\/h4>\n\n\n\n<p>Estos t\u00e9rminos y condiciones se regir\u00e1n e interpretar\u00e1n de acuerdo con las leyes de Chile. Cualquier disputa que surja en relaci\u00f3n con el uso de este sitio ser\u00e1 resuelta en los tribunales competentes de Chile.<\/p>\n","protected":false},"excerpt":{"rendered":"<p>Bienvenido a PrensaHoy.com. Al acceder y utilizar este sitio web, aceptas los siguientes t\u00e9rminos y condiciones. Si no est\u00e1s de acuerdo con estos t\u00e9rminos, te recomendamos no usar este sitio. 1. Uso del Sitio Web El contenido de PrensaHoy.com est\u00e1 destinado \u00fanicamente para fines informativos. Te permitimos acceder, visualizar y utilizar el contenido de este [&hellip;]<\/p>\n","protected":false},"author":2,"featured_media":0,"parent":0,"menu_order":0,"comment_status":"closed","ping_status":"closed","template":"","meta":{"slim_seo":{"title":"T\u00e9rminos y Condiciones - PrensaHoy.com- Noticias de Chile y el Mundo","description":"Bienvenido a PrensaHoy.com . Al acceder y utilizar este sitio web, aceptas los siguientes t\u00e9rminos y condiciones. Si no est\u00e1s de acuerdo con estos t\u00e9rminos, te"},"footnotes":""},"class_list":["post-4481","page","type-page","status-publish","hentry"],"_links":{"self":[{"href":"https:\/\/prensahoy.com\/index.php\/wp-json\/wp\/v2\/pages\/4481","targetHints":{"allow":["GET"]}}],"collection":[{"href":"https:\/\/prensahoy.com\/index.php\/wp-json\/wp\/v2\/pages"}],"about":[{"href":"https:\/\/prensahoy.com\/index.php\/wp-json\/wp\/v2\/types\/page"}],"author":[{"embeddable":true,"href":"https:\/\/prensahoy.com\/index.php\/wp-json\/wp\/v2\/users\/2"}],"replies":[{"embeddable":true,"href":"https:\/\/prensahoy.com\/index.php\/wp-json\/wp\/v2\/comments?post=4481"}],"version-history":[{"count":1,"href":"https:\/\/prensahoy.com\/index.php\/wp-json\/wp\/v2\/pages\/4481\/revisions"}],"predecessor-version":[{"id":4482,"href":"https:\/\/prensahoy.com\/index.php\/wp-json\/wp\/v2\/pages\/4481\/revisions\/4482"}],"wp:attachment":[{"href":"https:\/\/prensahoy.com\/index.php\/wp-json\/wp\/v2\/media?parent=4481"}],"curies":[{"name":"wp","href":"https:\/\/api.w.org\/{rel}","templated":true}]}}